{"id":369,"date":"2013-12-17T13:15:47","date_gmt":"2013-12-17T12:15:47","guid":{"rendered":"http:\/\/tallerscanbiel.com\/?page_id=369"},"modified":"2014-03-25T14:54:42","modified_gmt":"2014-03-25T13:54:42","slug":"socis-i-partners","status":"publish","type":"page","link":"https:\/\/tallerscanbiel.com\/ca\/empresa\/socis-i-partners\/","title":{"rendered":"Socis i partners"},"content":{"rendered":"<div id=\"aq-template-wrapper-456\" class=\"aq-template-wrapper aq_row\"><div id=\"aq-block-456-1\" class=\"aq-block aq-block-met_page_header aq_span12 aq-first clearfix\">\r\n\t\t\t<div class=\"row-fluid\">\r\n\t\t\t\t<div class=\"span12\">\r\n\t\t\t\t\t<div class=\"met_page_header met_bgcolor5 clearfix\">\r\n\t\t\t\t\t\t<h1 class=\"met_bgcolor met_color2\">Socis i partners<\/h1>\r\n\t\t\t\t\t\t<h2 class=\"met_color2\">Els millos companys&nbsp;<\/h2>\r\n\t\t\t\t\t<\/div>\r\n\t\t\t\t<\/div>\r\n\t\t\t<\/div><\/div><div id=\"aq-block-456-2\" class=\"aq-block aq-block-met_text_block aq_span12 aq-first clearfix\">\t\t<div class=\"row-fluid\">\r\n\t\t\t<div class=\"span12\">\r\n\t\t\t\t<div class=\"met_text_block\" style=\"font-size:14px;line-height:21px;background-color:#F1F4F7!important;color:#65676F!important;padding: 30\"><p>En la nostra aposta per la innovaci&oacute; i la qualitat ens acompanyen socis i partners que reforcen el nostre treball diari. En el dia a dia de Tallers Ca&#39;n Biel treballem amb un sol objectiu: millorar el servei als nostres clients.<\/p>\n <div class=\"clearfix\"><\/div><\/div>\r\n\t\t\t<\/div>\r\n\t\t<\/div>\r\n<\/div><div id=\"aq-block-456-3\" class=\"aq-block aq-block-met_msg_box aq_span12 aq-first clearfix\">\t\t<div class=\"row-fluid\">\r\n\t\t\t<div class=\"span12\">\r\n\t\t\t\t<div class=\"met_message met_message_warning\">Motrio, la soluci\u00f3 multimarca<\/div>\r\n\t\t\t<\/div>\r\n\t\t<\/div>\r\n<\/div><div id=\"aq-block-456-4\" class=\"aq-block aq-block-met_text_block aq_span12 aq-first clearfix\">\t\t<div class=\"row-fluid\">\r\n\t\t\t<div class=\"span12\">\r\n\t\t\t\t<div class=\"met_text_block\" style=\"font-size:14px;line-height:21px;background-color:#F1F4F7!important;color:#65676F!important;padding: 30\"><p><span style=\"color:#FF0000;\"><strong><img decoding=\"async\" alt=\"Motrio, la soluci\u00f3 multimarca\" src=\"https:\/\/tallerscanbiel.com\/wp-content\/uploads\/2014\/05\/Motrio_cuadrado.png\" style=\"width: 280px; height: 229px; margin: 10px; float: left;\" \/><br \/>\nTallers Ca&rsquo;n Biel<\/strong><\/span> ha estat triat per la xarxa Motrio per iniciar la seva activitat a Mallorca.&nbsp;<\/p>\n\n<p><strong>Talleres Motrio<\/strong>, una empresa del grupo Renaul, t&eacute; com a objectiu <strong>oferir un millor servei al seus clients a trav&eacute;s d&rsquo;una pol&iacute;tica de preus tancats<\/strong> que ofereix confian&ccedil;a i seguretat a l&rsquo;usuari. Amb la seva l&iacute;nea d&rsquo;acci&oacute; comercial, l&rsquo;empresa ofereix als seus associats millores en formaci&oacute; i comunicaci&oacute;. <strong><span style=\"color:#FF0000;\">Tallers Ca&rsquo;n Biel<\/span><\/strong> li ofereix a la xarxa <strong>Motrio<\/strong> les seves modernes instalacions i la seva experiencia de m&eacute;s de 20 anys tractant al client final.&nbsp;<br \/>\n<br \/>\nPer al client de <span style=\"color:#FF0000;\"><strong>Tallers Ca&rsquo;n Biel<\/strong><\/span>, aquesta uni&oacute; suposar&agrave; un <strong>benefici afegit<\/strong> al sevei tradicional ja que podr&aacute; acollir-se a totes<strong> les promocions i descomptes que la xarxa Motrio ofereix a trav&eacute;s dels seus associats<\/strong>.&nbsp;<br \/>\n&nbsp;<\/p>\n\n<p>&nbsp;<\/p>\n <div class=\"clearfix\"><\/div><\/div>\r\n\t\t\t<\/div>\r\n\t\t<\/div>\r\n<\/div><div id=\"aq-block-456-5\" class=\"aq-block aq-block-met_msg_box aq_span12 aq-first clearfix\">\t\t<div class=\"row-fluid\">\r\n\t\t\t<div class=\"span12\">\r\n\t\t\t\t<div class=\"met_message met_message_warning\">AcoatSelected<\/div>\r\n\t\t\t<\/div>\r\n\t\t<\/div>\r\n<\/div><div id=\"aq-block-456-6\" class=\"aq-block aq-block-met_text_block aq_span12 aq-first clearfix\">\t\t<div class=\"row-fluid\">\r\n\t\t\t<div class=\"span12\">\r\n\t\t\t\t<div class=\"met_text_block\" style=\"font-size:14px;line-height:21px;background-color:#F1F4F7!important;color:#65676F!important;padding: 30\"><img decoding=\"async\" alt=\"Logo AcoatSelected\" src=\"https:\/\/tallerscanbiel.com\/wp-content\/uploads\/2016\/05\/logoheader-e1464265069396.jpg\" style=float: left;\"\/><br \/>\n\n<strong> AcoatSelected<\/strong> \u00e9s una marca de AkzoNobel, l\u00edder mundial de pintura en vehicles\n\n<strong>Tallers Ca'n Biel<\/strong> ofereix a la marca la seva experi\u00e8ncia i la seva vocaci\u00f3 de servei amb m\u00e9s de 700 m2 de taller destinats, exclusivament, a les reparacions i manteniment de xapa i pintura. A canvi, AcoatSelected ofereix als Tallers Ca'n Biel la possibilitat d'estar al dia en tot el referent a innovaci\u00f3 dins del sector, podent accedir a totes les millores tecnol\u00f2giques i assessorament en el seu \u00fas.\n<p>&nbsp;<\/p>\n <div class=\"clearfix\"><\/div><\/div>\r\n\t\t\t<\/div>\r\n\t\t<\/div>\r\n<\/div><div id=\"aq-block-456-7\" class=\"aq-block aq-block-met_msg_box aq_span12 aq-first clearfix\">\t\t<div class=\"row-fluid\">\r\n\t\t\t<div class=\"span12\">\r\n\t\t\t\t<div class=\"met_message met_message_warning\">AkzoNobel. El color per al teu cotxe<\/div>\r\n\t\t\t<\/div>\r\n\t\t<\/div>\r\n<\/div><div id=\"aq-block-456-8\" class=\"aq-block aq-block-met_text_block aq_span12 aq-first clearfix\">\t\t<div class=\"row-fluid\">\r\n\t\t\t<div class=\"span12\">\r\n\t\t\t\t<div class=\"met_text_block\" style=\"font-size:14px;line-height:21px;background-color:#F1F4F7!important;color:#65676F!important;padding: 30\"><p class=\"p1\"><strong><a href=\"https:\/\/tallerscanbiel.com\/wp-content\/uploads\/2017\/09\/akozonobel.jpg\"><img loading=\"lazy\" decoding=\"async\" class=\"alignleft size-medium wp-image-914\" src=\"https:\/\/tallerscanbiel.com\/wp-content\/uploads\/2017\/09\/akozonobel-300x212.jpg\" alt=\"akzonobel\" width=\"300\" height=\"212\" srcset=\"https:\/\/tallerscanbiel.com\/wp-content\/uploads\/2017\/09\/akozonobel-300x212.jpg 300w, https:\/\/tallerscanbiel.com\/wp-content\/uploads\/2017\/09\/akozonobel.jpg 640w\" sizes=\"auto, (max-width: 300px) 100vw, 300px\" \/><\/a><a href=\"https:\/\/www.akzonobel.com\/about-us\/about-overview\">AkzoNobel<\/a><\/strong> \u00e9s una empresa l\u00edder en la producci\u00f3 de pintures. Un fabricant eficient, a l'avantguarda de les tecnologies que ofereix les solucions m\u00e9s innovadores i sostenibles del sector. <strong>\u00a0<\/strong><\/p>\n<p class=\"p1\">En definitiva, <strong>AkzoNobel<\/strong>\u00a0\u00e9s un prove\u00efdor que s'alineea molt b\u00e9 amb els objectius de<span style=\"color: #ff0000;\"><strong> Tallers Ca'n Biel<\/strong><\/span>. Com a partner de la marca rebem assessorament en l'optimitzaci\u00f3 dels nostres processos de treball i en les millors t\u00e8cniques necess\u00e0ries per a la resoluci\u00f3 de problemes.<\/p>\n<p class=\"p1\">I junts, treballem amb l'\u00fanic objectiu de donar el millor servei al client: comprendre amb exactitud les seves necessitats, fent les coses b\u00e9 a la primera i proporcionant el producte que necessiten quan ho necessiten.<\/p>\n<p class=\"p2\"><\/p> <div class=\"clearfix\"><\/div><\/div>\r\n\t\t\t<\/div>\r\n\t\t<\/div>\r\n<\/div><div id=\"aq-block-456-9\" class=\"aq-block aq-block-met_msg_box aq_span12 aq-first clearfix\">\t\t<div class=\"row-fluid\">\r\n\t\t\t<div class=\"span12\">\r\n\t\t\t\t<div class=\"met_message met_message_warning\">Centro Zaragoza. L'Institut d'investigaci\u00f3 sobre reparaci\u00f3 de l'autom\u00f2bil<\/div>\r\n\t\t\t<\/div>\r\n\t\t<\/div>\r\n<\/div><div id=\"aq-block-456-10\" class=\"aq-block aq-block-met_text_block aq_span12 aq-first clearfix\">\t\t<div class=\"row-fluid\">\r\n\t\t\t<div class=\"span12\">\r\n\t\t\t\t<div class=\"met_text_block\" style=\"font-size:14px;line-height:21px;background-color:#F1F4F7!important;color:#65676F!important;padding: 30\"><p><a href=\"http:\/\/www.centro-zaragoza.com:8080\/web\/\" target=\"_blank\"><img decoding=\"async\" alt=\"Logo Centro Zaragoza\" src=\"https:\/\/tallerscanbiel.com\/wp-content\/uploads\/2014\/01\/logo_corto.gif\" style=\"width: 280px; height: 196px; float: left; margin-left: 10px; margin-right: 10px;\" \/><\/a>El<a href=\"http:\/\/www.centro-zaragoza.com:8080\/web\/\" target=\"_blank\"><strong> Centro Zaragoza<\/strong><\/a> &eacute;s una instituci&oacute; que t&eacute; com a objectiu la investigaci&oacute; per a la millora i control dels danys materials, corporals i la seguretat en l&rsquo;entorn de l&rsquo;autom&ograve;bil, &nbsp;aix&iacute; com el &nbsp;foment d&#39;iniciatives per a la millora de la seguretat vi&agrave;ria.&nbsp;<\/p>\n\n<p>El seu Sistema de Certificaci&oacute; t&eacute; com a objectiu la millora constant del sector de la reparaci&oacute; i manteniment d&#39;autom&ograve;bil i per aix&ograve; reconeix aquells tallers amb nivells m&eacute;s alts en efici&egrave;ncia, gesti&oacute; i innovaci&oacute;.<\/p>\n\n<p>El Certificat CZ de Tallers Ca&#39;n Biel reconeix el nostre comprom&iacute;s de qualitat en la gesti&oacute; i serveis. Amb ell hem aconseguit que una empresa externa certifiqui la nostra compet&egrave;ncia en el servei, la gesti&oacute;, l&#39;aposta per la innovaci&oacute; i en el compliment estricte de la normativa.<\/p>\n\n<p>&nbsp;<\/p>\n <div class=\"clearfix\"><\/div><\/div>\r\n\t\t\t<\/div>\r\n\t\t<\/div>\r\n<\/div><\/div>\n","protected":false},"excerpt":{"rendered":"","protected":false},"author":1,"featured_media":0,"parent":166,"menu_order":0,"comment_status":"closed","ping_status":"closed","template":"","meta":{"footnotes":""},"class_list":["post-369","page","type-page","status-publish","hentry"],"yoast_head":"<!-- This site is optimized with the Yoast SEO plugin v26.8 - https:\/\/yoast.com\/product\/yoast-seo-wordpress\/ -->\n<title>Socis i partners - Tallers Ca&#039;n Biel<\/title>\n<meta name=\"robots\" content=\"index, follow, max-snippet:-1, max-image-preview:large, max-video-preview:-1\" \/>\n<link rel=\"canonical\" href=\"https:\/\/tallerscanbiel.com\/ca\/empresa\/socis-i-partners\/\" \/>\n<meta property=\"og:locale\" content=\"ca_ES\" \/>\n<meta property=\"og:type\" content=\"article\" \/>\n<meta property=\"og:title\" content=\"Socis i partners - Tallers Ca&#039;n Biel\" \/>\n<meta property=\"og:url\" content=\"https:\/\/tallerscanbiel.com\/ca\/empresa\/socis-i-partners\/\" \/>\n<meta property=\"og:site_name\" content=\"Tallers Ca&#039;n Biel\" \/>\n<meta property=\"article:modified_time\" content=\"2014-03-25T13:54:42+00:00\" \/>\n<script type=\"application\/ld+json\" class=\"yoast-schema-graph\">{\"@context\":\"https:\/\/schema.org\",\"@graph\":[{\"@type\":\"WebPage\",\"@id\":\"https:\/\/tallerscanbiel.com\/ca\/empresa\/socis-i-partners\/\",\"url\":\"https:\/\/tallerscanbiel.com\/ca\/empresa\/socis-i-partners\/\",\"name\":\"Socis i partners - Tallers Ca&#039;n Biel\",\"isPartOf\":{\"@id\":\"https:\/\/tallerscanbiel.com\/#website\"},\"datePublished\":\"2013-12-17T12:15:47+00:00\",\"dateModified\":\"2014-03-25T13:54:42+00:00\",\"breadcrumb\":{\"@id\":\"https:\/\/tallerscanbiel.com\/ca\/empresa\/socis-i-partners\/#breadcrumb\"},\"inLanguage\":\"ca\",\"potentialAction\":[{\"@type\":\"ReadAction\",\"target\":[\"https:\/\/tallerscanbiel.com\/ca\/empresa\/socis-i-partners\/\"]}]},{\"@type\":\"BreadcrumbList\",\"@id\":\"https:\/\/tallerscanbiel.com\/ca\/empresa\/socis-i-partners\/#breadcrumb\",\"itemListElement\":[{\"@type\":\"ListItem\",\"position\":1,\"name\":\"Home\",\"item\":\"https:\/\/tallerscanbiel.com\/ca\/\"},{\"@type\":\"ListItem\",\"position\":2,\"name\":\"Taller Ca&#8217;n Biel\",\"item\":\"https:\/\/tallerscanbiel.com\/ca\/empresa\/\"},{\"@type\":\"ListItem\",\"position\":3,\"name\":\"Socis i partners\"}]},{\"@type\":\"WebSite\",\"@id\":\"https:\/\/tallerscanbiel.com\/#website\",\"url\":\"https:\/\/tallerscanbiel.com\/\",\"name\":\"Tallers Ca&#039;n Biel\",\"description\":\"Inca - Loseta\",\"potentialAction\":[{\"@type\":\"SearchAction\",\"target\":{\"@type\":\"EntryPoint\",\"urlTemplate\":\"https:\/\/tallerscanbiel.com\/?s={search_term_string}\"},\"query-input\":{\"@type\":\"PropertyValueSpecification\",\"valueRequired\":true,\"valueName\":\"search_term_string\"}}],\"inLanguage\":\"ca\"}]}<\/script>\n<!-- \/ Yoast SEO plugin. -->","yoast_head_json":{"title":"Socis i partners - Tallers Ca&#039;n Biel","robots":{"index":"index","follow":"follow","max-snippet":"max-snippet:-1","max-image-preview":"max-image-preview:large","max-video-preview":"max-video-preview:-1"},"canonical":"https:\/\/tallerscanbiel.com\/ca\/empresa\/socis-i-partners\/","og_locale":"ca_ES","og_type":"article","og_title":"Socis i partners - Tallers Ca&#039;n Biel","og_url":"https:\/\/tallerscanbiel.com\/ca\/empresa\/socis-i-partners\/","og_site_name":"Tallers Ca&#039;n Biel","article_modified_time":"2014-03-25T13:54:42+00:00","schema":{"@context":"https:\/\/schema.org","@graph":[{"@type":"WebPage","@id":"https:\/\/tallerscanbiel.com\/ca\/empresa\/socis-i-partners\/","url":"https:\/\/tallerscanbiel.com\/ca\/empresa\/socis-i-partners\/","name":"Socis i partners - Tallers Ca&#039;n Biel","isPartOf":{"@id":"https:\/\/tallerscanbiel.com\/#website"},"datePublished":"2013-12-17T12:15:47+00:00","dateModified":"2014-03-25T13:54:42+00:00","breadcrumb":{"@id":"https:\/\/tallerscanbiel.com\/ca\/empresa\/socis-i-partners\/#breadcrumb"},"inLanguage":"ca","potentialAction":[{"@type":"ReadAction","target":["https:\/\/tallerscanbiel.com\/ca\/empresa\/socis-i-partners\/"]}]},{"@type":"BreadcrumbList","@id":"https:\/\/tallerscanbiel.com\/ca\/empresa\/socis-i-partners\/#breadcrumb","itemListElement":[{"@type":"ListItem","position":1,"name":"Home","item":"https:\/\/tallerscanbiel.com\/ca\/"},{"@type":"ListItem","position":2,"name":"Taller Ca&#8217;n Biel","item":"https:\/\/tallerscanbiel.com\/ca\/empresa\/"},{"@type":"ListItem","position":3,"name":"Socis i partners"}]},{"@type":"WebSite","@id":"https:\/\/tallerscanbiel.com\/#website","url":"https:\/\/tallerscanbiel.com\/","name":"Tallers Ca&#039;n Biel","description":"Inca - Loseta","potentialAction":[{"@type":"SearchAction","target":{"@type":"EntryPoint","urlTemplate":"https:\/\/tallerscanbiel.com\/?s={search_term_string}"},"query-input":{"@type":"PropertyValueSpecification","valueRequired":true,"valueName":"search_term_string"}}],"inLanguage":"ca"}]}},"_links":{"self":[{"href":"https:\/\/tallerscanbiel.com\/ca\/wp-json\/wp\/v2\/pages\/369","targetHints":{"allow":["GET"]}}],"collection":[{"href":"https:\/\/tallerscanbiel.com\/ca\/wp-json\/wp\/v2\/pages"}],"about":[{"href":"https:\/\/tallerscanbiel.com\/ca\/wp-json\/wp\/v2\/types\/page"}],"author":[{"embeddable":true,"href":"https:\/\/tallerscanbiel.com\/ca\/wp-json\/wp\/v2\/users\/1"}],"replies":[{"embeddable":true,"href":"https:\/\/tallerscanbiel.com\/ca\/wp-json\/wp\/v2\/comments?post=369"}],"version-history":[{"count":2,"href":"https:\/\/tallerscanbiel.com\/ca\/wp-json\/wp\/v2\/pages\/369\/revisions"}],"predecessor-version":[{"id":475,"href":"https:\/\/tallerscanbiel.com\/ca\/wp-json\/wp\/v2\/pages\/369\/revisions\/475"}],"up":[{"embeddable":true,"href":"https:\/\/tallerscanbiel.com\/ca\/wp-json\/wp\/v2\/pages\/166"}],"wp:attachment":[{"href":"https:\/\/tallerscanbiel.com\/ca\/wp-json\/wp\/v2\/media?parent=369"}],"curies":[{"name":"wp","href":"https:\/\/api.w.org\/{rel}","templated":true}]}}